{"id":501,"date":"2021-10-15T14:34:19","date_gmt":"2021-10-15T18:34:19","guid":{"rendered":"https:\/\/informationalself.com\/index.php\/spiritualitaet-wird-besser-als-unser-informationelles-und-computergestuetztes-selbst-verstanden\/"},"modified":"2021-10-15T14:34:19","modified_gmt":"2021-10-15T18:34:19","slug":"spiritualitaet-wird-besser-als-unser-informationelles-und-computergestuetztes-selbst-verstanden","status":"publish","type":"page","link":"https:\/\/informationalself.com\/index.php\/spiritualitaet-wird-besser-als-unser-informationelles-und-computergestuetztes-selbst-verstanden\/?lang=de","title":{"rendered":"Spiritualit\u00e4t wird besser als unser informationelles und computergest\u00fctztes Selbst verstanden"},"content":{"rendered":"\n<blockquote class=\"wp-block-quote is-layout-flow wp-block-quote-is-layout-flow\"><p>Spiritualit\u00e4t und ihre \u00fcbernat\u00fcrlichen Aspekte k\u00f6nnen besser als Information in unserem K\u00f6rper verstanden werden. <\/p><p>Wir sind in hohem Ma\u00dfe informativ. Information und Informationsverarbeitung hat die Menschheit bisher spirituell genannt. <\/p><p>Informationen sind einzigartig schwerelos und fast immateriell, aber sie existieren und sind dar\u00fcber hinaus lebensnotwendig. Ist das nicht der Kern des Geistesbegriffs?<\/p><p><em>Das informationelle Selbst, einschlie\u00dflich der codierten Informationen auf unserer DNA und der Informationen, die durch das, was wir gelernt haben, geschaffen wurde, ist besser als das, was wir als Geist verstehen. <\/em><br\/><\/p><p>Willkommen beim informationellen Selbst.<\/p><\/blockquote>\n","protected":false},"excerpt":{"rendered":"<p>Spiritualit\u00e4t und ihre \u00fcbernat\u00fcrlichen Aspekte k\u00f6nnen besser als Information in unserem K\u00f6rper verstanden werden. Wir sind in hohem Ma\u00dfe informativ. Information und Informationsverarbeitung hat die Menschheit bisher spirituell genannt. Informationen sind einzigartig schwerelos und fast immateriell, aber sie existieren und sind dar\u00fcber hinaus lebensnotwendig. Ist das nicht der Kern des Geistesbegriffs? Das informationelle Selbst, einschlie\u00dflich &hellip; <\/p>\n<p class=\"link-more\"><a href=\"https:\/\/informationalself.com\/index.php\/spiritualitaet-wird-besser-als-unser-informationelles-und-computergestuetztes-selbst-verstanden\/?lang=de\" class=\"more-link\">Continue reading<span class=\"screen-reader-text\"> &#8220;Spiritualit\u00e4t wird besser als unser informationelles und computergest\u00fctztes Selbst verstanden&#8221;<\/span><\/a><\/p>\n","protected":false},"author":1,"featured_media":0,"parent":0,"menu_order":0,"comment_status":"closed","ping_status":"open","template":"","meta":{"footnotes":""},"class_list":["post-501","page","type-page","status-publish","hentry"],"yoast_head":"<!-- This site is optimized with the Yoast SEO plugin v27.4 - https:\/\/yoast.com\/product\/yoast-seo-wordpress\/ -->\n<title>Spiritualit\u00e4t wird besser als unser informationelles und computergest\u00fctztes Selbst verstanden - Informational Self<\/title>\n<meta name=\"robots\" content=\"index, follow, max-snippet:-1, max-image-preview:large, max-video-preview:-1\" \/>\n<link rel=\"canonical\" href=\"https:\/\/informationalself.com\/index.php\/spiritualitaet-wird-besser-als-unser-informationelles-und-computergestuetztes-selbst-verstanden\/\" \/>\n<meta property=\"og:locale\" content=\"en_US\" \/>\n<meta property=\"og:type\" content=\"article\" \/>\n<meta property=\"og:title\" content=\"Spiritualit\u00e4t wird besser als unser informationelles und computergest\u00fctztes Selbst verstanden - Informational Self\" \/>\n<meta property=\"og:description\" content=\"Spiritualit\u00e4t und ihre \u00fcbernat\u00fcrlichen Aspekte k\u00f6nnen besser als Information in unserem K\u00f6rper verstanden werden. Wir sind in hohem Ma\u00dfe informativ. Information und Informationsverarbeitung hat die Menschheit bisher spirituell genannt. Informationen sind einzigartig schwerelos und fast immateriell, aber sie existieren und sind dar\u00fcber hinaus lebensnotwendig. Ist das nicht der Kern des Geistesbegriffs? Das informationelle Selbst, einschlie\u00dflich &hellip; Continue reading &quot;Spiritualit\u00e4t wird besser als unser informationelles und computergest\u00fctztes Selbst verstanden&quot;\" \/>\n<meta property=\"og:url\" content=\"https:\/\/informationalself.com\/index.php\/spiritualitaet-wird-besser-als-unser-informationelles-und-computergestuetztes-selbst-verstanden\/?lang=de\" \/>\n<meta property=\"og:site_name\" content=\"Informational Self\" \/>\n<meta name=\"twitter:card\" content=\"summary_large_image\" \/>\n<script type=\"application\/ld+json\" class=\"yoast-schema-graph\">{\"@context\":\"https:\\\/\\\/schema.org\",\"@graph\":[{\"@type\":\"WebPage\",\"@id\":\"https:\\\/\\\/informationalself.com\\\/index.php\\\/spiritualitaet-wird-besser-als-unser-informationelles-und-computergestuetztes-selbst-verstanden\\\/?lang=de\",\"url\":\"https:\\\/\\\/informationalself.com\\\/index.php\\\/spiritualitaet-wird-besser-als-unser-informationelles-und-computergestuetztes-selbst-verstanden\\\/?lang=de\",\"name\":\"Spiritualit\u00e4t wird besser als unser informationelles und computergest\u00fctztes Selbst verstanden - Informational Self\",\"isPartOf\":{\"@id\":\"https:\\\/\\\/informationalself.com\\\/#website\"},\"datePublished\":\"2021-10-15T18:34:19+00:00\",\"breadcrumb\":{\"@id\":\"https:\\\/\\\/informationalself.com\\\/index.php\\\/spiritualitaet-wird-besser-als-unser-informationelles-und-computergestuetztes-selbst-verstanden\\\/?lang=de#breadcrumb\"},\"inLanguage\":\"en-US\",\"potentialAction\":[{\"@type\":\"ReadAction\",\"target\":[\"https:\\\/\\\/informationalself.com\\\/index.php\\\/spiritualitaet-wird-besser-als-unser-informationelles-und-computergestuetztes-selbst-verstanden\\\/?lang=de\"]}]},{\"@type\":\"BreadcrumbList\",\"@id\":\"https:\\\/\\\/informationalself.com\\\/index.php\\\/spiritualitaet-wird-besser-als-unser-informationelles-und-computergestuetztes-selbst-verstanden\\\/?lang=de#breadcrumb\",\"itemListElement\":[{\"@type\":\"ListItem\",\"position\":1,\"name\":\"Home\",\"item\":\"https:\\\/\\\/informationalself.com\\\/\"},{\"@type\":\"ListItem\",\"position\":2,\"name\":\"Spiritualit\u00e4t wird besser als unser informationelles und computergest\u00fctztes Selbst verstanden\"}]},{\"@type\":\"WebSite\",\"@id\":\"https:\\\/\\\/informationalself.com\\\/#website\",\"url\":\"https:\\\/\\\/informationalself.com\\\/\",\"name\":\"Informational Self\",\"description\":\"Not spirit but information\",\"publisher\":{\"@id\":\"https:\\\/\\\/informationalself.com\\\/#organization\"},\"potentialAction\":[{\"@type\":\"SearchAction\",\"target\":{\"@type\":\"EntryPoint\",\"urlTemplate\":\"https:\\\/\\\/informationalself.com\\\/?s={search_term_string}\"},\"query-input\":{\"@type\":\"PropertyValueSpecification\",\"valueRequired\":true,\"valueName\":\"search_term_string\"}}],\"inLanguage\":\"en-US\"},{\"@type\":\"Organization\",\"@id\":\"https:\\\/\\\/informationalself.com\\\/#organization\",\"name\":\"Informational Self\",\"url\":\"https:\\\/\\\/informationalself.com\\\/\",\"logo\":{\"@type\":\"ImageObject\",\"inLanguage\":\"en-US\",\"@id\":\"https:\\\/\\\/informationalself.com\\\/#\\\/schema\\\/logo\\\/image\\\/\",\"url\":\"https:\\\/\\\/informationalself.com\\\/wp-content\\\/uploads\\\/2019\\\/10\\\/cropped-japanese-maple-branching-complexity-1.jpg\",\"contentUrl\":\"https:\\\/\\\/informationalself.com\\\/wp-content\\\/uploads\\\/2019\\\/10\\\/cropped-japanese-maple-branching-complexity-1.jpg\",\"width\":2000,\"height\":2515,\"caption\":\"Informational Self\"},\"image\":{\"@id\":\"https:\\\/\\\/informationalself.com\\\/#\\\/schema\\\/logo\\\/image\\\/\"}}]}<\/script>\n<!-- \/ Yoast SEO plugin. -->","yoast_head_json":{"title":"Spiritualit\u00e4t wird besser als unser informationelles und computergest\u00fctztes Selbst verstanden - Informational Self","robots":{"index":"index","follow":"follow","max-snippet":"max-snippet:-1","max-image-preview":"max-image-preview:large","max-video-preview":"max-video-preview:-1"},"canonical":"https:\/\/informationalself.com\/index.php\/spiritualitaet-wird-besser-als-unser-informationelles-und-computergestuetztes-selbst-verstanden\/","og_locale":"en_US","og_type":"article","og_title":"Spiritualit\u00e4t wird besser als unser informationelles und computergest\u00fctztes Selbst verstanden - Informational Self","og_description":"Spiritualit\u00e4t und ihre \u00fcbernat\u00fcrlichen Aspekte k\u00f6nnen besser als Information in unserem K\u00f6rper verstanden werden. Wir sind in hohem Ma\u00dfe informativ. Information und Informationsverarbeitung hat die Menschheit bisher spirituell genannt. Informationen sind einzigartig schwerelos und fast immateriell, aber sie existieren und sind dar\u00fcber hinaus lebensnotwendig. Ist das nicht der Kern des Geistesbegriffs? Das informationelle Selbst, einschlie\u00dflich &hellip; Continue reading \"Spiritualit\u00e4t wird besser als unser informationelles und computergest\u00fctztes Selbst verstanden\"","og_url":"https:\/\/informationalself.com\/index.php\/spiritualitaet-wird-besser-als-unser-informationelles-und-computergestuetztes-selbst-verstanden\/?lang=de","og_site_name":"Informational Self","twitter_card":"summary_large_image","schema":{"@context":"https:\/\/schema.org","@graph":[{"@type":"WebPage","@id":"https:\/\/informationalself.com\/index.php\/spiritualitaet-wird-besser-als-unser-informationelles-und-computergestuetztes-selbst-verstanden\/?lang=de","url":"https:\/\/informationalself.com\/index.php\/spiritualitaet-wird-besser-als-unser-informationelles-und-computergestuetztes-selbst-verstanden\/?lang=de","name":"Spiritualit\u00e4t wird besser als unser informationelles und computergest\u00fctztes Selbst verstanden - Informational Self","isPartOf":{"@id":"https:\/\/informationalself.com\/#website"},"datePublished":"2021-10-15T18:34:19+00:00","breadcrumb":{"@id":"https:\/\/informationalself.com\/index.php\/spiritualitaet-wird-besser-als-unser-informationelles-und-computergestuetztes-selbst-verstanden\/?lang=de#breadcrumb"},"inLanguage":"en-US","potentialAction":[{"@type":"ReadAction","target":["https:\/\/informationalself.com\/index.php\/spiritualitaet-wird-besser-als-unser-informationelles-und-computergestuetztes-selbst-verstanden\/?lang=de"]}]},{"@type":"BreadcrumbList","@id":"https:\/\/informationalself.com\/index.php\/spiritualitaet-wird-besser-als-unser-informationelles-und-computergestuetztes-selbst-verstanden\/?lang=de#breadcrumb","itemListElement":[{"@type":"ListItem","position":1,"name":"Home","item":"https:\/\/informationalself.com\/"},{"@type":"ListItem","position":2,"name":"Spiritualit\u00e4t wird besser als unser informationelles und computergest\u00fctztes Selbst verstanden"}]},{"@type":"WebSite","@id":"https:\/\/informationalself.com\/#website","url":"https:\/\/informationalself.com\/","name":"Informational Self","description":"Not spirit but information","publisher":{"@id":"https:\/\/informationalself.com\/#organization"},"potentialAction":[{"@type":"SearchAction","target":{"@type":"EntryPoint","urlTemplate":"https:\/\/informationalself.com\/?s={search_term_string}"},"query-input":{"@type":"PropertyValueSpecification","valueRequired":true,"valueName":"search_term_string"}}],"inLanguage":"en-US"},{"@type":"Organization","@id":"https:\/\/informationalself.com\/#organization","name":"Informational Self","url":"https:\/\/informationalself.com\/","logo":{"@type":"ImageObject","inLanguage":"en-US","@id":"https:\/\/informationalself.com\/#\/schema\/logo\/image\/","url":"https:\/\/informationalself.com\/wp-content\/uploads\/2019\/10\/cropped-japanese-maple-branching-complexity-1.jpg","contentUrl":"https:\/\/informationalself.com\/wp-content\/uploads\/2019\/10\/cropped-japanese-maple-branching-complexity-1.jpg","width":2000,"height":2515,"caption":"Informational Self"},"image":{"@id":"https:\/\/informationalself.com\/#\/schema\/logo\/image\/"}}]}},"_links":{"self":[{"href":"https:\/\/informationalself.com\/index.php\/wp-json\/wp\/v2\/pages\/501","targetHints":{"allow":["GET"]}}],"collection":[{"href":"https:\/\/informationalself.com\/index.php\/wp-json\/wp\/v2\/pages"}],"about":[{"href":"https:\/\/informationalself.com\/index.php\/wp-json\/wp\/v2\/types\/page"}],"author":[{"embeddable":true,"href":"https:\/\/informationalself.com\/index.php\/wp-json\/wp\/v2\/users\/1"}],"replies":[{"embeddable":true,"href":"https:\/\/informationalself.com\/index.php\/wp-json\/wp\/v2\/comments?post=501"}],"version-history":[{"count":1,"href":"https:\/\/informationalself.com\/index.php\/wp-json\/wp\/v2\/pages\/501\/revisions"}],"predecessor-version":[{"id":503,"href":"https:\/\/informationalself.com\/index.php\/wp-json\/wp\/v2\/pages\/501\/revisions\/503"}],"wp:attachment":[{"href":"https:\/\/informationalself.com\/index.php\/wp-json\/wp\/v2\/media?parent=501"}],"curies":[{"name":"wp","href":"https:\/\/api.w.org\/{rel}","templated":true}]}}